{"id":346,"date":"2024-03-12T16:09:01","date_gmt":"2024-03-12T16:09:01","guid":{"rendered":"https:\/\/jornalcaminhoneiro.com\/?page_id=346"},"modified":"2024-04-15T15:34:47","modified_gmt":"2024-04-15T15:34:47","slug":"datenschutzrichtlinie","status":"publish","type":"page","link":"https:\/\/jornalcaminhoneiro.com\/de\/datenschutzrichtlinie\/","title":{"rendered":"Datenschutzrichtlinie"},"content":{"rendered":"\n<p>Willkommen bei Jornalcaminhoneiro.com! Auf dieser Seite geben wir Informationen dar\u00fcber weiter, wie wir die personenbezogenen Daten unserer Besucher erfassen, verwenden und sch\u00fctzen. Ihre Privatsph\u00e4re ist uns \u00e4u\u00dferst wichtig und wir verpflichten uns, die Sicherheit der Informationen, die Sie uns mitteilen, zu gew\u00e4hrleisten.<\/p>\n\n\n\n<h2 class=\"wp-block-heading\">Informationssammlung<\/h2>\n\n\n\n<p>Wenn Sie Jornaltruminhoneiro besuchen, erfassen wir m\u00f6glicherweise bestimmte pers\u00f6nliche Daten, wie Ihren Namen, Ihre E-Mail-Adresse und demografische Informationen. Die Erhebung dieser Daten erfolgt freiwillig, wenn Sie uns diese im Rahmen der Anmeldung zu unserem Newsletter, beim Hinterlassen eines Kommentars oder beim Ausf\u00fcllen eines Kontaktformulars mitteilen.<\/p>\n\n\n\n<p>Dar\u00fcber hinaus erfassen wir m\u00f6glicherweise nicht personenbezogene Daten wie den von Ihnen verwendeten Browsertyp, Ihre IP-Adresse und die Seite, die Sie besucht haben, bevor Sie auf unsere Website gelangten. Diese Informationen werden automatisch durch Cookies und andere Tracking-Technologien erfasst.<\/p>\n\n\n\n<h2 class=\"wp-block-heading\">Verwendung von Informationen<\/h2>\n\n\n\n<p>Die von uns gesammelten Informationen werden verwendet, um die Benutzererfahrung zu verbessern und personalisierte Inhalte bereitzustellen. Wir k\u00f6nnen Ihre Informationen verwenden, um:<\/p>\n\n\n\n<p>Senden Sie regelm\u00e4\u00dfig E-Mails mit Updates zum Blog und neuen Inhalten.<\/p>\n\n\n\n<p>Auf Kommentare und Fragen von Besuchern antworten;<\/p>\n\n\n\n<p>Personalisieren Sie Inhalte nach Ihren W\u00fcnschen;<\/p>\n\n\n\n<p>Analysieren Sie den Website-Verkehr und verstehen Sie, wie Besucher mit der LKW-Zeitung interagieren.<\/p>\n\n\n\n<p>Sch\u00fctzen Sie die Sicherheit der Website und unserer Besucher.<\/p>\n\n\n\n<h2 class=\"wp-block-heading\">Informationsaustausch<\/h2>\n\n\n\n<p>Wir legen Wert auf Ihre Privatsph\u00e4re und geben Ihre pers\u00f6nlichen Daten nicht an Dritte weiter, es sei denn, dies ist gesetzlich vorgeschrieben oder f\u00fcr die Bereitstellung wesentlicher Dienste f\u00fcr den Betrieb des Blogs erforderlich, wie z. B. Hosting-Anbieter und Analysetools.<\/p>\n\n\n\n<p>Wir geben m\u00f6glicherweise nicht personenbezogene Daten in aggregierter Form f\u00fcr Trend- und statistische Analysen weiter, diese Informationen umfassen jedoch keine Daten, die unsere Besucher individuell identifizieren k\u00f6nnen.<\/p>\n\n\n\n<h2 class=\"wp-block-heading\">Informationssicherheit<\/h2>\n\n\n\n<p>Wir haben Sicherheitsma\u00dfnahmen implementiert, um Ihre pers\u00f6nlichen Daten vor unbefugtem Zugriff, \u00c4nderung, Offenlegung oder Zerst\u00f6rung zu sch\u00fctzen. Es ist jedoch wichtig zu bedenken, dass keine Methode der \u00dcbertragung \u00fcber das Internet und keine Methode der elektronischen Speicherung zu 100 % sicher ist. Daher k\u00f6nnen wir die absolute Sicherheit der Informationen, die Sie uns mitteilen, nicht garantieren.<\/p>\n\n\n\n<h2 class=\"wp-block-heading\">Links zu Websites Dritter<\/h2>\n\n\n\n<p>Jornalcaminhoneiro kann Links zu Websites Dritter enthalten. Diese Websites haben ihre eigenen Datenschutzrichtlinien, die von unseren abweichen k\u00f6nnen. Wir sind nicht verantwortlich f\u00fcr den Inhalt oder die Datenschutzpraktiken dieser Websites. Wir empfehlen Ihnen, die Datenschutzrichtlinien jeder von Ihnen besuchten Website zu lesen.<\/p>\n\n\n\n<h2 class=\"wp-block-heading\">\u00c4nderungen dieser Datenschutzrichtlinie<\/h2>\n\n\n\n<p>Wir behalten uns das Recht vor, diese Datenschutzerkl\u00e4rung jederzeit zu aktualisieren. Wir empfehlen Ihnen, diese Seite regelm\u00e4\u00dfig zu \u00fcberpr\u00fcfen, um \u00fcber etwaige \u00c4nderungen auf dem Laufenden zu bleiben. Durch die weitere Nutzung von Jornalcaminhoneiro stimmen Sie den Bedingungen dieser Datenschutzrichtlinie zu.<\/p>\n\n\n\n<p>Wenn Sie Fragen oder Bedenken zu unserer Datenschutzrichtlinie haben, kontaktieren Sie uns bitte \u00fcber das auf der Website verf\u00fcgbare Kontaktformular.<\/p>\n","protected":false},"excerpt":{"rendered":"<p>Willkommen bei Jornalcaminhoneiro.com! Auf dieser Seite geben wir Informationen dar\u00fcber weiter, wie wir die personenbezogenen Daten unserer Besucher erfassen, verwenden [&hellip;]<\/p>\n","protected":false},"author":1,"featured_media":0,"parent":0,"menu_order":0,"comment_status":"closed","ping_status":"closed","template":"","meta":{"site-sidebar-layout":"default","site-content-layout":"","ast-site-content-layout":"default","site-content-style":"default","site-sidebar-style":"default","ast-global-header-display":"","ast-banner-title-visibility":"","ast-main-header-display":"","ast-hfb-above-header-display":"","ast-hfb-below-header-display":"","ast-hfb-mobile-header-display":"","site-post-title":"","ast-breadcrumbs-content":"","ast-featured-img":"","footer-sml-layout":"","ast-disable-related-posts":"","theme-transparent-header-meta":"","adv-header-id-meta":"","stick-header-meta":"","header-above-stick-meta":"","header-main-stick-meta":"","header-below-stick-meta":"","astra-migrate-meta-layouts":"default","ast-page-background-enabled":"default","ast-page-background-meta":{"desktop":{"background-color":"var(--ast-global-color-4)","background-image":"","background-repeat":"repeat","background-position":"center center","background-size":"auto","background-attachment":"scroll","background-type":"","background-media":"","overlay-type":"","overlay-color":"","overlay-opacity":"","overlay-gradient":""},"tablet":{"background-color":"","background-image":"","background-repeat":"repeat","background-position":"center center","background-size":"auto","background-attachment":"scroll","background-type":"","background-media":"","overlay-type":"","overlay-color":"","overlay-opacity":"","overlay-gradient":""},"mobile":{"background-color":"","background-image":"","background-repeat":"repeat","background-position":"center center","background-size":"auto","background-attachment":"scroll","background-type":"","background-media":"","overlay-type":"","overlay-color":"","overlay-opacity":"","overlay-gradient":""}},"ast-content-background-meta":{"desktop":{"background-color":"var(--ast-global-color-5)","background-image":"","background-repeat":"repeat","background-position":"center center","background-size":"auto","background-attachment":"scroll","background-type":"","background-media":"","overlay-type":"","overlay-color":"","overlay-opacity":"","overlay-gradient":""},"tablet":{"background-color":"var(--ast-global-color-5)","background-image":"","background-repeat":"repeat","background-position":"center center","background-size":"auto","background-attachment":"scroll","background-type":"","background-media":"","overlay-type":"","overlay-color":"","overlay-opacity":"","overlay-gradient":""},"mobile":{"background-color":"var(--ast-global-color-5)","background-image":"","background-repeat":"repeat","background-position":"center center","background-size":"auto","background-attachment":"scroll","background-type":"","background-media":"","overlay-type":"","overlay-color":"","overlay-opacity":"","overlay-gradient":""}},"footnotes":""},"class_list":["post-346","page","type-page","status-publish","hentry"],"_links":{"self":[{"href":"https:\/\/jornalcaminhoneiro.com\/de\/wp-json\/wp\/v2\/pages\/346","targetHints":{"allow":["GET"]}}],"collection":[{"href":"https:\/\/jornalcaminhoneiro.com\/de\/wp-json\/wp\/v2\/pages"}],"about":[{"href":"https:\/\/jornalcaminhoneiro.com\/de\/wp-json\/wp\/v2\/types\/page"}],"author":[{"embeddable":true,"href":"https:\/\/jornalcaminhoneiro.com\/de\/wp-json\/wp\/v2\/users\/1"}],"replies":[{"embeddable":true,"href":"https:\/\/jornalcaminhoneiro.com\/de\/wp-json\/wp\/v2\/comments?post=346"}],"version-history":[{"count":1,"href":"https:\/\/jornalcaminhoneiro.com\/de\/wp-json\/wp\/v2\/pages\/346\/revisions"}],"predecessor-version":[{"id":347,"href":"https:\/\/jornalcaminhoneiro.com\/de\/wp-json\/wp\/v2\/pages\/346\/revisions\/347"}],"wp:attachment":[{"href":"https:\/\/jornalcaminhoneiro.com\/de\/wp-json\/wp\/v2\/media?parent=346"}],"curies":[{"name":"wp","href":"https:\/\/api.w.org\/{rel}","templated":true}]}}