{"id":358,"date":"2024-03-12T16:09:43","date_gmt":"2024-03-12T16:09:43","guid":{"rendered":"https:\/\/jornalcaminhoneiro.com\/?page_id=358"},"modified":"2024-04-15T15:46:06","modified_gmt":"2024-04-15T15:46:06","slug":"ueber-uns","status":"publish","type":"page","link":"https:\/\/jornalcaminhoneiro.com\/de\/ueber-uns\/","title":{"rendered":"\u00dcber uns"},"content":{"rendered":"\n<p>Hallo, ich bin Alex Silva, ein professioneller Autor mit Leidenschaft f\u00fcr Technologie und Apps. In diesem Blog, Jornal Caminhoneiro, teile ich Informationen, Analysen und Tipps zu den unterschiedlichsten Anwendungen, die auf dem Markt erh\u00e4ltlich sind.<\/p>\n\n\n\n<h2 class=\"wp-block-heading\">Meine Leidenschaft f\u00fcr Apps<\/h2>\n\n\n\n<p>Seitdem Smartphones zu einem wesentlichen Bestandteil unseres Lebens geworden sind, spielen Apps eine grundlegende Rolle in unserer Routine. Ich war schon immer fasziniert von dieser Technologie und davon, wie sie unsere t\u00e4glichen Aufgaben erleichtern und verbessern kann.<\/p>\n\n\n\n<p>Als professioneller Autor habe ich beschlossen, meine Leidenschaft f\u00fcr Apps mit meinen Schreibf\u00e4higkeiten zu verbinden. Deshalb habe ich diesen Blog erstellt, um mein Wissen zu teilen und Menschen dabei zu helfen, die besten Apps f\u00fcr ihre Bed\u00fcrfnisse zu entdecken.<\/p>\n\n\n\n<h2 class=\"wp-block-heading\">Was Sie auf diesem Blog finden<\/h2>\n\n\n\n<p>Bei Jornal Caminhoneiro finden Sie eine Vielzahl von Inhalten rund um Anwendungen. Hier sind einige der Themen, die ich behandeln werde:<\/p>\n\n\n\n<p>Detaillierte Rezensionen beliebter Apps;<\/p>\n\n\n\n<p>Tipps und Tricks, um Apps optimal zu nutzen;<\/p>\n\n\n\n<p>App-Empfehlungen f\u00fcr verschiedene Kategorien wie Produktivit\u00e4t, Gesundheit, Finanzen und mehr;<\/p>\n\n\n\n<p>Neuigkeiten und Updates aus der Welt der Anwendungen;<\/p>\n\n\n\n<p>Interviews mit Anwendungsentwicklern;<\/p>\n\n\n\n<p>Und vieles mehr!<\/p>\n\n\n\n<p>Mein Ziel ist es, genaue und unvoreingenommene Bewerbungsinformationen bereitzustellen, damit Sie fundierte Entscheidungen treffen und die besten L\u00f6sungen f\u00fcr Ihre Anforderungen finden k\u00f6nnen. Ich glaube, dass Apps unser Leben einfacher, effizienter und unterhaltsamer machen k\u00f6nnen, und ich bin hier, um Ihnen dabei zu helfen, das Beste aus dieser Technologie herauszuholen.<\/p>\n\n\n\n<h2 class=\"wp-block-heading\">Kontakt<\/h2>\n\n\n\n<p>Wenn Sie Fragen oder Anregungen haben oder Ihre Erfahrungen mit einer App teilen m\u00f6chten, k\u00f6nnen Sie mich gerne kontaktieren. Sie k\u00f6nnen das auf der Website verf\u00fcgbare Kontaktformular ausf\u00fcllen.<\/p>\n\n\n\n<p>Vielen Dank f\u00fcr Ihren Besuch bei Jornal Caminhoneiro. Ich hoffe, dass Sie die Informationen n\u00fctzlich und interessant finden. Erkunden Sie gerne den Blog und entdecken Sie die besten Apps, die Ihr Leben noch besser machen!<\/p>\n","protected":false},"excerpt":{"rendered":"<p>Hallo, ich bin Alex Silva, ein professioneller Autor mit Leidenschaft f\u00fcr Technologie und Apps. In diesem Blog, Jornal Caminhoneiro, teile [&hellip;]<\/p>\n","protected":false},"author":1,"featured_media":0,"parent":0,"menu_order":0,"comment_status":"closed","ping_status":"closed","template":"","meta":{"site-sidebar-layout":"default","site-content-layout":"","ast-site-content-layout":"default","site-content-style":"default","site-sidebar-style":"default","ast-global-header-display":"","ast-banner-title-visibility":"","ast-main-header-display":"","ast-hfb-above-header-display":"","ast-hfb-below-header-display":"","ast-hfb-mobile-header-display":"","site-post-title":"","ast-breadcrumbs-content":"","ast-featured-img":"","footer-sml-layout":"","ast-disable-related-posts":"","theme-transparent-header-meta":"","adv-header-id-meta":"","stick-header-meta":"","header-above-stick-meta":"","header-main-stick-meta":"","header-below-stick-meta":"","astra-migrate-meta-layouts":"default","ast-page-background-enabled":"default","ast-page-background-meta":{"desktop":{"background-color":"var(--ast-global-color-4)","background-image":"","background-repeat":"repeat","background-position":"center center","background-size":"auto","background-attachment":"scroll","background-type":"","background-media":"","overlay-type":"","overlay-color":"","overlay-opacity":"","overlay-gradient":""},"tablet":{"background-color":"","background-image":"","background-repeat":"repeat","background-position":"center center","background-size":"auto","background-attachment":"scroll","background-type":"","background-media":"","overlay-type":"","overlay-color":"","overlay-opacity":"","overlay-gradient":""},"mobile":{"background-color":"","background-image":"","background-repeat":"repeat","background-position":"center center","background-size":"auto","background-attachment":"scroll","background-type":"","background-media":"","overlay-type":"","overlay-color":"","overlay-opacity":"","overlay-gradient":""}},"ast-content-background-meta":{"desktop":{"background-color":"var(--ast-global-color-5)","background-image":"","background-repeat":"repeat","background-position":"center center","background-size":"auto","background-attachment":"scroll","background-type":"","background-media":"","overlay-type":"","overlay-color":"","overlay-opacity":"","overlay-gradient":""},"tablet":{"background-color":"var(--ast-global-color-5)","background-image":"","background-repeat":"repeat","background-position":"center center","background-size":"auto","background-attachment":"scroll","background-type":"","background-media":"","overlay-type":"","overlay-color":"","overlay-opacity":"","overlay-gradient":""},"mobile":{"background-color":"var(--ast-global-color-5)","background-image":"","background-repeat":"repeat","background-position":"center center","background-size":"auto","background-attachment":"scroll","background-type":"","background-media":"","overlay-type":"","overlay-color":"","overlay-opacity":"","overlay-gradient":""}},"footnotes":""},"class_list":["post-358","page","type-page","status-publish","hentry"],"_links":{"self":[{"href":"https:\/\/jornalcaminhoneiro.com\/de\/wp-json\/wp\/v2\/pages\/358","targetHints":{"allow":["GET"]}}],"collection":[{"href":"https:\/\/jornalcaminhoneiro.com\/de\/wp-json\/wp\/v2\/pages"}],"about":[{"href":"https:\/\/jornalcaminhoneiro.com\/de\/wp-json\/wp\/v2\/types\/page"}],"author":[{"embeddable":true,"href":"https:\/\/jornalcaminhoneiro.com\/de\/wp-json\/wp\/v2\/users\/1"}],"replies":[{"embeddable":true,"href":"https:\/\/jornalcaminhoneiro.com\/de\/wp-json\/wp\/v2\/comments?post=358"}],"version-history":[{"count":1,"href":"https:\/\/jornalcaminhoneiro.com\/de\/wp-json\/wp\/v2\/pages\/358\/revisions"}],"predecessor-version":[{"id":359,"href":"https:\/\/jornalcaminhoneiro.com\/de\/wp-json\/wp\/v2\/pages\/358\/revisions\/359"}],"wp:attachment":[{"href":"https:\/\/jornalcaminhoneiro.com\/de\/wp-json\/wp\/v2\/media?parent=358"}],"curies":[{"name":"wp","href":"https:\/\/api.w.org\/{rel}","templated":true}]}}