{"id":151,"date":"2024-03-12T16:09:43","date_gmt":"2024-03-12T16:09:43","guid":{"rendered":"https:\/\/jornalcaminhoneiro.com\/quienes-somos\/"},"modified":"2024-03-22T17:39:54","modified_gmt":"2024-03-22T17:39:54","slug":"quienes-somos","status":"publish","type":"page","link":"https:\/\/jornalcaminhoneiro.com\/es\/quienes-somos\/","title":{"rendered":"Qui\u00e9nes somos"},"content":{"rendered":"\n<p>Hola, soy Alex Silva, redactor publicitario profesional apasionado por la tecnolog\u00eda y las aplicaciones. En este blog, Jornal Caminhoneiro, comparto informaci\u00f3n, an\u00e1lisis y consejos sobre las m\u00e1s diversas aplicaciones disponibles en el mercado.<\/p>\n\n<h2 class=\"wp-block-heading\">Mi pasi\u00f3n por las aplicaciones<\/h2>\n\n<p>Desde que los smartphones se convirtieron en una parte esencial de nuestras vidas, las aplicaciones han desempe\u00f1ado un papel clave en nuestra rutina. Siempre me ha fascinado esta tecnolog\u00eda y c\u00f3mo puede facilitar y mejorar nuestras tareas cotidianas.<\/p>\n\n<p>Como redactora profesional, decid\u00ed combinar mi pasi\u00f3n por las aplicaciones con mis dotes de escritora. As\u00ed que cre\u00e9 este blog para compartir mis conocimientos y ayudar a la gente a descubrir las mejores aplicaciones para sus necesidades.<\/p>\n\n<h2 class=\"wp-block-heading\">Lo que encontrar\u00e1 en este blog<\/h2>\n\n<p>En el Jornal Caminhoneiro encontrar\u00e1 diversos contenidos relacionados con las aplicaciones. Estos son algunos de los temas que tratar\u00e9:<\/p>\n\n<ul class=\"wp-block-list\">\n<li>An\u00e1lisis detallados de aplicaciones populares;<\/li>\n\n\n\n<li>Consejos y trucos para sacar el m\u00e1ximo partido a las aplicaciones;<\/li>\n\n\n\n<li>Recomendaciones de aplicaciones para diferentes categor\u00edas, como productividad, salud, finanzas y mucho m\u00e1s;<\/li>\n\n\n\n<li>Noticias y novedades sobre el mundo de las aplicaciones;<\/li>\n\n\n\n<li>Entrevistas con desarrolladores de aplicaciones;<\/li>\n\n\n\n<li>Y mucho m\u00e1s.<\/li>\n<\/ul>\n\n<p>Mi objetivo es proporcionarle informaci\u00f3n precisa e imparcial sobre las aplicaciones, ayud\u00e1ndole a tomar decisiones con conocimiento de causa y a encontrar las mejores soluciones para sus necesidades. Creo que las aplicaciones pueden hacernos la vida m\u00e1s f\u00e1cil, eficiente y divertida, y estoy aqu\u00ed para ayudarte a sacar el m\u00e1ximo partido de esta tecnolog\u00eda.<\/p>\n\n<h2 class=\"wp-block-heading\">P\u00f3ngase en contacto<\/h2>\n\n<p>Si tiene alguna pregunta, sugerencia o desea compartir su experiencia con una aplicaci\u00f3n, no dude en ponerse en contacto conmigo. Puede rellenar el formulario de contacto disponible en el sitio web.<\/p>\n\n<p>Gracias por visitar el Jornal Caminhoneiro. Espero que la informaci\u00f3n le resulte \u00fatil e interesante. No dudes en explorar el blog y descubrir las mejores aplicaciones para hacer tu vida a\u00fan mejor.<\/p>\n","protected":false},"excerpt":{"rendered":"<p>Hola, soy Alex Silva, redactor publicitario profesional apasionado por la tecnolog\u00eda y las aplicaciones. En este blog, Jornal Caminhoneiro, comparto [&hellip;]<\/p>\n","protected":false},"author":1,"featured_media":0,"parent":0,"menu_order":0,"comment_status":"closed","ping_status":"closed","template":"","meta":{"site-sidebar-layout":"default","site-content-layout":"","ast-site-content-layout":"default","site-content-style":"default","site-sidebar-style":"default","ast-global-header-display":"","ast-banner-title-visibility":"","ast-main-header-display":"","ast-hfb-above-header-display":"","ast-hfb-below-header-display":"","ast-hfb-mobile-header-display":"","site-post-title":"","ast-breadcrumbs-content":"","ast-featured-img":"","footer-sml-layout":"","ast-disable-related-posts":"","theme-transparent-header-meta":"","adv-header-id-meta":"","stick-header-meta":"","header-above-stick-meta":"","header-main-stick-meta":"","header-below-stick-meta":"","astra-migrate-meta-layouts":"default","ast-page-background-enabled":"default","ast-page-background-meta":{"desktop":{"background-color":"var(--ast-global-color-4)","background-image":"","background-repeat":"repeat","background-position":"center center","background-size":"auto","background-attachment":"scroll","background-type":"","background-media":"","overlay-type":"","overlay-color":"","overlay-opacity":"","overlay-gradient":""},"tablet":{"background-color":"","background-image":"","background-repeat":"repeat","background-position":"center center","background-size":"auto","background-attachment":"scroll","background-type":"","background-media":"","overlay-type":"","overlay-color":"","overlay-opacity":"","overlay-gradient":""},"mobile":{"background-color":"","background-image":"","background-repeat":"repeat","background-position":"center center","background-size":"auto","background-attachment":"scroll","background-type":"","background-media":"","overlay-type":"","overlay-color":"","overlay-opacity":"","overlay-gradient":""}},"ast-content-background-meta":{"desktop":{"background-color":"var(--ast-global-color-5)","background-image":"","background-repeat":"repeat","background-position":"center center","background-size":"auto","background-attachment":"scroll","background-type":"","background-media":"","overlay-type":"","overlay-color":"","overlay-opacity":"","overlay-gradient":""},"tablet":{"background-color":"var(--ast-global-color-5)","background-image":"","background-repeat":"repeat","background-position":"center center","background-size":"auto","background-attachment":"scroll","background-type":"","background-media":"","overlay-type":"","overlay-color":"","overlay-opacity":"","overlay-gradient":""},"mobile":{"background-color":"var(--ast-global-color-5)","background-image":"","background-repeat":"repeat","background-position":"center center","background-size":"auto","background-attachment":"scroll","background-type":"","background-media":"","overlay-type":"","overlay-color":"","overlay-opacity":"","overlay-gradient":""}},"footnotes":""},"class_list":["post-151","page","type-page","status-publish","hentry"],"_links":{"self":[{"href":"https:\/\/jornalcaminhoneiro.com\/es\/wp-json\/wp\/v2\/pages\/151","targetHints":{"allow":["GET"]}}],"collection":[{"href":"https:\/\/jornalcaminhoneiro.com\/es\/wp-json\/wp\/v2\/pages"}],"about":[{"href":"https:\/\/jornalcaminhoneiro.com\/es\/wp-json\/wp\/v2\/types\/page"}],"author":[{"embeddable":true,"href":"https:\/\/jornalcaminhoneiro.com\/es\/wp-json\/wp\/v2\/users\/1"}],"replies":[{"embeddable":true,"href":"https:\/\/jornalcaminhoneiro.com\/es\/wp-json\/wp\/v2\/comments?post=151"}],"version-history":[{"count":1,"href":"https:\/\/jornalcaminhoneiro.com\/es\/wp-json\/wp\/v2\/pages\/151\/revisions"}],"predecessor-version":[{"id":152,"href":"https:\/\/jornalcaminhoneiro.com\/es\/wp-json\/wp\/v2\/pages\/151\/revisions\/152"}],"wp:attachment":[{"href":"https:\/\/jornalcaminhoneiro.com\/es\/wp-json\/wp\/v2\/media?parent=151"}],"curies":[{"name":"wp","href":"https:\/\/api.w.org\/{rel}","templated":true}]}}