{"id":362,"date":"2024-03-12T16:09:43","date_gmt":"2024-03-12T16:09:43","guid":{"rendered":"https:\/\/jornalcaminhoneiro.com\/?page_id=362"},"modified":"2024-04-15T15:48:39","modified_gmt":"2024-04-15T15:48:39","slug":"chi-siamo","status":"publish","type":"page","link":"https:\/\/jornalcaminhoneiro.com\/it\/chi-siamo\/","title":{"rendered":"Chi siamo"},"content":{"rendered":"\n<p>Ciao, sono Alex Silva, uno scrittore professionista appassionato di tecnologia e app. In questo blog, Jornal Caminhoneiro, condivido informazioni, analisi e suggerimenti sulle pi\u00f9 diverse applicazioni disponibili sul mercato.<\/p>\n\n\n\n<h2 class=\"wp-block-heading\">La mia passione per le app<\/h2>\n\n\n\n<p>Da quando gli smartphone sono diventati una parte essenziale della nostra vita, le app hanno ricoperto un ruolo fondamentale nella nostra routine. Sono sempre stato affascinato da questa tecnologia e da come possa facilitare e migliorare le nostre attivit\u00e0 quotidiane.<\/p>\n\n\n\n<p>Come scrittore professionista, ho deciso di unire la mia passione per le app con le mie capacit\u00e0 di scrittura. Quindi, ho creato questo blog per condividere le mie conoscenze e aiutare le persone a scoprire le migliori app per le loro esigenze.<\/p>\n\n\n\n<h2 class=\"wp-block-heading\">Cosa troverai in questo blog<\/h2>\n\n\n\n<p>Nel Jornal Caminhoneiro troverai una variet\u00e0 di contenuti relativi alle applicazioni. Ecco alcuni degli argomenti che tratter\u00f2:<\/p>\n\n\n\n<p>Recensioni dettagliate di app popolari;<\/p>\n\n\n\n<p>Consigli e trucchi per ottenere il massimo dalle app;<\/p>\n\n\n\n<p>Consigli sulle app per diverse categorie come produttivit\u00e0, salute, finanza e altro;<\/p>\n\n\n\n<p>Novit\u00e0 e aggiornamenti sul mondo delle applicazioni;<\/p>\n\n\n\n<p>Interviste agli sviluppatori di applicazioni;<\/p>\n\n\n\n<p>E altro ancora!<\/p>\n\n\n\n<p>Il mio obiettivo \u00e8 fornire informazioni sulle candidature accurate e imparziali, aiutandoti a prendere decisioni informate e a trovare le soluzioni migliori per le tue esigenze. Credo che le app possano rendere la nostra vita pi\u00f9 semplice, pi\u00f9 efficiente e pi\u00f9 divertente e sono qui per aiutarti a sfruttare al meglio questa tecnologia.<\/p>\n\n\n\n<h2 class=\"wp-block-heading\">Cotatto<\/h2>\n\n\n\n<p>Se hai domande, suggerimenti o desideri condividere la tua esperienza con qualsiasi app, non esitare a contattarmi. \u00c8 possibile compilare il modulo di contatto disponibile sul sito.<\/p>\n\n\n\n<p>Grazie per aver visitato Jornal Caminhoneiro. Spero che troverai le informazioni utili e interessanti. Sentiti libero di esplorare il blog e scoprire le migliori app per rendere la tua vita ancora migliore!<\/p>\n","protected":false},"excerpt":{"rendered":"<p>Ciao, sono Alex Silva, uno scrittore professionista appassionato di tecnologia e app. In questo blog, Jornal Caminhoneiro, condivido informazioni, analisi [&hellip;]<\/p>\n","protected":false},"author":1,"featured_media":0,"parent":0,"menu_order":0,"comment_status":"closed","ping_status":"closed","template":"","meta":{"site-sidebar-layout":"default","site-content-layout":"","ast-site-content-layout":"default","site-content-style":"default","site-sidebar-style":"default","ast-global-header-display":"","ast-banner-title-visibility":"","ast-main-header-display":"","ast-hfb-above-header-display":"","ast-hfb-below-header-display":"","ast-hfb-mobile-header-display":"","site-post-title":"","ast-breadcrumbs-content":"","ast-featured-img":"","footer-sml-layout":"","ast-disable-related-posts":"","theme-transparent-header-meta":"","adv-header-id-meta":"","stick-header-meta":"","header-above-stick-meta":"","header-main-stick-meta":"","header-below-stick-meta":"","astra-migrate-meta-layouts":"default","ast-page-background-enabled":"default","ast-page-background-meta":{"desktop":{"background-color":"var(--ast-global-color-4)","background-image":"","background-repeat":"repeat","background-position":"center center","background-size":"auto","background-attachment":"scroll","background-type":"","background-media":"","overlay-type":"","overlay-color":"","overlay-opacity":"","overlay-gradient":""},"tablet":{"background-color":"","background-image":"","background-repeat":"repeat","background-position":"center center","background-size":"auto","background-attachment":"scroll","background-type":"","background-media":"","overlay-type":"","overlay-color":"","overlay-opacity":"","overlay-gradient":""},"mobile":{"background-color":"","background-image":"","background-repeat":"repeat","background-position":"center center","background-size":"auto","background-attachment":"scroll","background-type":"","background-media":"","overlay-type":"","overlay-color":"","overlay-opacity":"","overlay-gradient":""}},"ast-content-background-meta":{"desktop":{"background-color":"var(--ast-global-color-5)","background-image":"","background-repeat":"repeat","background-position":"center center","background-size":"auto","background-attachment":"scroll","background-type":"","background-media":"","overlay-type":"","overlay-color":"","overlay-opacity":"","overlay-gradient":""},"tablet":{"background-color":"var(--ast-global-color-5)","background-image":"","background-repeat":"repeat","background-position":"center center","background-size":"auto","background-attachment":"scroll","background-type":"","background-media":"","overlay-type":"","overlay-color":"","overlay-opacity":"","overlay-gradient":""},"mobile":{"background-color":"var(--ast-global-color-5)","background-image":"","background-repeat":"repeat","background-position":"center center","background-size":"auto","background-attachment":"scroll","background-type":"","background-media":"","overlay-type":"","overlay-color":"","overlay-opacity":"","overlay-gradient":""}},"footnotes":""},"class_list":["post-362","page","type-page","status-publish","hentry"],"_links":{"self":[{"href":"https:\/\/jornalcaminhoneiro.com\/it\/wp-json\/wp\/v2\/pages\/362","targetHints":{"allow":["GET"]}}],"collection":[{"href":"https:\/\/jornalcaminhoneiro.com\/it\/wp-json\/wp\/v2\/pages"}],"about":[{"href":"https:\/\/jornalcaminhoneiro.com\/it\/wp-json\/wp\/v2\/types\/page"}],"author":[{"embeddable":true,"href":"https:\/\/jornalcaminhoneiro.com\/it\/wp-json\/wp\/v2\/users\/1"}],"replies":[{"embeddable":true,"href":"https:\/\/jornalcaminhoneiro.com\/it\/wp-json\/wp\/v2\/comments?post=362"}],"version-history":[{"count":1,"href":"https:\/\/jornalcaminhoneiro.com\/it\/wp-json\/wp\/v2\/pages\/362\/revisions"}],"predecessor-version":[{"id":363,"href":"https:\/\/jornalcaminhoneiro.com\/it\/wp-json\/wp\/v2\/pages\/362\/revisions\/363"}],"wp:attachment":[{"href":"https:\/\/jornalcaminhoneiro.com\/it\/wp-json\/wp\/v2\/media?parent=362"}],"curies":[{"name":"wp","href":"https:\/\/api.w.org\/{rel}","templated":true}]}}