{"id":3090,"date":"2024-03-12T16:09:43","date_gmt":"2024-03-12T16:09:43","guid":{"rendered":"https:\/\/jornalcaminhoneiro.com\/?page_id=3090"},"modified":"2024-07-10T17:19:20","modified_gmt":"2024-07-10T17:19:20","slug":"o-nas","status":"publish","type":"page","link":"https:\/\/jornalcaminhoneiro.com\/pl\/o-nas\/","title":{"rendered":"O nas"},"content":{"rendered":"\n<p>Cze\u015b\u0107, nazywam si\u0119 Alex Silva i jestem zawodowym pisarzem pasjonuj\u0105cym si\u0119 technologi\u0105 i aplikacjami. Na tym blogu, Jornal Caminhoneiro, dziel\u0119 si\u0119 informacjami, analizami i wskaz\u00f3wkami na temat najr\u00f3\u017cniejszych aplikacji dost\u0119pnych na rynku.<\/p>\n\n\n\n<h2 class=\"wp-block-heading\">Moja pasja do aplikacji<\/h2>\n\n\n\n<p>Odk\u0105d smartfony sta\u0142y si\u0119 istotn\u0105 cz\u0119\u015bci\u0105 naszego \u017cycia, aplikacje odgrywaj\u0105 fundamentaln\u0105 rol\u0119 w naszym codziennym \u017cyciu. Zawsze fascynowa\u0142a mnie ta technologia i to, jak mo\u017ce u\u0142atwi\u0107 i usprawni\u0107 nasze codzienne zadania.<\/p>\n\n\n\n<p>Jako zawodowy pisarz postanowi\u0142em po\u0142\u0105czy\u0107 moj\u0105 pasj\u0119 do aplikacji z umiej\u0119tno\u015bciami pisania. Stworzy\u0142em wi\u0119c tego bloga, aby dzieli\u0107 si\u0119 moj\u0105 wiedz\u0105 i pomaga\u0107 ludziom w odkrywaniu najlepszych aplikacji odpowiadaj\u0105cych ich potrzebom.<\/p>\n\n\n\n<h2 class=\"wp-block-heading\">Co znajdziesz na tym blogu<\/h2>\n\n\n\n<p>W Jornal Caminhoneiro znajdziesz r\u00f3\u017cnorodne tre\u015bci zwi\u0105zane z aplikacjami. Oto niekt\u00f3re z temat\u00f3w, kt\u00f3re porusz\u0119:<br>Szczeg\u00f3\u0142owe recenzje popularnych aplikacji;<br>Porady i wskaz\u00f3wki, jak najlepiej wykorzysta\u0107 aplikacje;<br>Rekomendacje aplikacji dla r\u00f3\u017cnych kategorii, takich jak produktywno\u015b\u0107, zdrowie, finanse i inne;<br>Nowo\u015bci i aktualizacje ze \u015bwiata aplikacji;<br>Wywiady z tw\u00f3rcami aplikacji;<br>I wiele wi\u0119cej!<\/p>\n\n\n\n<p>Moim celem jest dostarczanie dok\u0142adnych i bezstronnych informacji o aplikacjach, pomagaj\u0105c Ci podejmowa\u0107 \u015bwiadome decyzje i znajdowa\u0107 najlepsze rozwi\u0105zania dla Twoich potrzeb. Wierz\u0119, \u017ce aplikacje mog\u0105 uczyni\u0107 nasze \u017cycie \u0142atwiejszym, wydajniejszym i przyjemniejszym, dlatego jestem tutaj, aby pom\u00f3c Ci w pe\u0142ni wykorzysta\u0107 t\u0119 technologi\u0119.<\/p>\n\n\n\n<h2 class=\"wp-block-heading\">Kontakt<\/h2>\n\n\n\n<p>Je\u015bli masz jakie\u015b pytania, sugestie lub chcesz podzieli\u0107 si\u0119 swoimi do\u015bwiadczeniami z dowoln\u0105 aplikacj\u0105, skontaktuj si\u0119 ze mn\u0105. Mo\u017cna wype\u0142ni\u0107 formularz kontaktowy dost\u0119pny na stronie.<\/p>\n\n\n\n<p>Dzi\u0119kujemy za wizyt\u0119 Jornal Caminhoneiro. Mam nadziej\u0119, \u017ce informacje oka\u017c\u0105 si\u0119 przydatne i interesuj\u0105ce. Zach\u0119camy do zapoznania si\u0119 z blogiem i odkrycia najlepszych aplikacji, dzi\u0119ki kt\u00f3rym Twoje \u017cycie stanie si\u0119 jeszcze lepsze!<\/p>\n","protected":false},"excerpt":{"rendered":"<p>Cze\u015b\u0107, nazywam si\u0119 Alex Silva i jestem zawodowym pisarzem pasjonuj\u0105cym si\u0119 technologi\u0105 i aplikacjami. Na tym blogu, Jornal Caminhoneiro, dziel\u0119 [&hellip;]<\/p>\n","protected":false},"author":1,"featured_media":0,"parent":0,"menu_order":0,"comment_status":"closed","ping_status":"closed","template":"","meta":{"site-sidebar-layout":"default","site-content-layout":"","ast-site-content-layout":"default","site-content-style":"default","site-sidebar-style":"default","ast-global-header-display":"","ast-banner-title-visibility":"","ast-main-header-display":"","ast-hfb-above-header-display":"","ast-hfb-below-header-display":"","ast-hfb-mobile-header-display":"","site-post-title":"","ast-breadcrumbs-content":"","ast-featured-img":"","footer-sml-layout":"","theme-transparent-header-meta":"","adv-header-id-meta":"","stick-header-meta":"","header-above-stick-meta":"","header-main-stick-meta":"","header-below-stick-meta":"","astra-migrate-meta-layouts":"default","ast-page-background-enabled":"default","ast-page-background-meta":{"desktop":{"background-color":"var(--ast-global-color-4)","background-image":"","background-repeat":"repeat","background-position":"center center","background-size":"auto","background-attachment":"scroll","background-type":"","background-media":"","overlay-type":"","overlay-color":"","overlay-opacity":"","overlay-gradient":""},"tablet":{"background-color":"","background-image":"","background-repeat":"repeat","background-position":"center center","background-size":"auto","background-attachment":"scroll","background-type":"","background-media":"","overlay-type":"","overlay-color":"","overlay-opacity":"","overlay-gradient":""},"mobile":{"background-color":"","background-image":"","background-repeat":"repeat","background-position":"center center","background-size":"auto","background-attachment":"scroll","background-type":"","background-media":"","overlay-type":"","overlay-color":"","overlay-opacity":"","overlay-gradient":""}},"ast-content-background-meta":{"desktop":{"background-color":"var(--ast-global-color-5)","background-image":"","background-repeat":"repeat","background-position":"center center","background-size":"auto","background-attachment":"scroll","background-type":"","background-media":"","overlay-type":"","overlay-color":"","overlay-opacity":"","overlay-gradient":""},"tablet":{"background-color":"var(--ast-global-color-5)","background-image":"","background-repeat":"repeat","background-position":"center center","background-size":"auto","background-attachment":"scroll","background-type":"","background-media":"","overlay-type":"","overlay-color":"","overlay-opacity":"","overlay-gradient":""},"mobile":{"background-color":"var(--ast-global-color-5)","background-image":"","background-repeat":"repeat","background-position":"center center","background-size":"auto","background-attachment":"scroll","background-type":"","background-media":"","overlay-type":"","overlay-color":"","overlay-opacity":"","overlay-gradient":""}},"footnotes":""},"class_list":["post-3090","page","type-page","status-publish","hentry"],"_links":{"self":[{"href":"https:\/\/jornalcaminhoneiro.com\/pl\/wp-json\/wp\/v2\/pages\/3090","targetHints":{"allow":["GET"]}}],"collection":[{"href":"https:\/\/jornalcaminhoneiro.com\/pl\/wp-json\/wp\/v2\/pages"}],"about":[{"href":"https:\/\/jornalcaminhoneiro.com\/pl\/wp-json\/wp\/v2\/types\/page"}],"author":[{"embeddable":true,"href":"https:\/\/jornalcaminhoneiro.com\/pl\/wp-json\/wp\/v2\/users\/1"}],"replies":[{"embeddable":true,"href":"https:\/\/jornalcaminhoneiro.com\/pl\/wp-json\/wp\/v2\/comments?post=3090"}],"version-history":[{"count":1,"href":"https:\/\/jornalcaminhoneiro.com\/pl\/wp-json\/wp\/v2\/pages\/3090\/revisions"}],"predecessor-version":[{"id":3091,"href":"https:\/\/jornalcaminhoneiro.com\/pl\/wp-json\/wp\/v2\/pages\/3090\/revisions\/3091"}],"wp:attachment":[{"href":"https:\/\/jornalcaminhoneiro.com\/pl\/wp-json\/wp\/v2\/media?parent=3090"}],"curies":[{"name":"wp","href":"https:\/\/api.w.org\/{rel}","templated":true}]}}