{"id":366,"date":"2024-03-12T16:09:43","date_gmt":"2024-03-12T16:09:43","guid":{"rendered":"https:\/\/jornalcaminhoneiro.com\/?page_id=366"},"modified":"2024-04-15T15:50:36","modified_gmt":"2024-04-15T15:50:36","slug":"hakkimizda","status":"publish","type":"page","link":"https:\/\/jornalcaminhoneiro.com\/tr\/hakkimizda\/","title":{"rendered":"Hakk\u0131m\u0131zda"},"content":{"rendered":"\n<p>Merhaba, ben teknoloji ve uygulamalar konusunda tutkulu profesyonel bir yazar olan Alex Silva. Jornal Caminhoneiro adl\u0131 bu blogda, piyasadaki en \u00e7e\u015fitli uygulamalar hakk\u0131nda bilgi, analiz ve ipu\u00e7lar\u0131 payla\u015f\u0131yorum.<\/p>\n\n\n\n<h2 class=\"wp-block-heading\">Uygulamalara olan tutkum<\/h2>\n\n\n\n<p>Ak\u0131ll\u0131 telefonlar hayat\u0131m\u0131z\u0131n \u00f6nemli bir par\u00e7as\u0131 haline geldi\u011finden beri uygulamalar rutinimizde temel bir rol oynad\u0131. Bu teknolojiye ve g\u00fcnl\u00fck g\u00f6revlerimizi nas\u0131l kolayla\u015ft\u0131r\u0131p geli\u015ftirebilece\u011fine her zaman hayran olmu\u015fumdur.<\/p>\n\n\n\n<p>Profesyonel bir yazar olarak uygulamalara olan tutkumu yazma becerilerim ile birle\u015ftirmeye karar verdim. Bu y\u00fczden bilgilerimi payla\u015fmak ve insanlar\u0131n ihtiya\u00e7lar\u0131na uygun en iyi uygulamalar\u0131 ke\u015ffetmelerine yard\u0131mc\u0131 olmak i\u00e7in bu blogu olu\u015fturdum.<\/p>\n\n\n\n<h2 class=\"wp-block-heading\">Bu blogda neler bulacaks\u0131n\u0131z<\/h2>\n\n\n\n<p>Jornal Caminhoneiro&#8217;da uygulamalarla ilgili \u00e7e\u015fitli i\u00e7erikler bulacaks\u0131n\u0131z. \u0130\u015fte ele alaca\u011f\u0131m konulardan baz\u0131lar\u0131:<\/p>\n\n\n\n<p>Pop\u00fcler uygulamalar\u0131n ayr\u0131nt\u0131l\u0131 incelemeleri;<\/p>\n\n\n\n<p>Uygulamalardan en iyi \u015fekilde yararlanman\u0131z\u0131 sa\u011flayacak ipu\u00e7lar\u0131 ve p\u00fcf noktalar\u0131;<\/p>\n\n\n\n<p>Verimlilik, sa\u011fl\u0131k, finans ve daha fazlas\u0131 gibi farkl\u0131 kategoriler i\u00e7in uygulama \u00f6nerileri;<\/p>\n\n\n\n<p>Uygulama d\u00fcnyas\u0131na ili\u015fkin haberler ve g\u00fcncellemeler;<\/p>\n\n\n\n<p>Uygulama geli\u015ftiricileriyle r\u00f6portajlar;<\/p>\n\n\n\n<p>Ve daha fazlas\u0131!<\/p>\n\n\n\n<p>Amac\u0131m do\u011fru ve tarafs\u0131z uygulama bilgileri sa\u011flayarak bilin\u00e7li kararlar vermenize ve ihtiya\u00e7lar\u0131n\u0131z i\u00e7in en iyi \u00e7\u00f6z\u00fcmleri bulman\u0131za yard\u0131mc\u0131 olmakt\u0131r. Uygulamalar\u0131n hayat\u0131m\u0131z\u0131 daha kolay, daha verimli ve daha e\u011flenceli hale getirebilece\u011fine inan\u0131yorum ve bu teknolojiden en iyi \u015fekilde yararlanman\u0131za yard\u0131mc\u0131 olmak i\u00e7in buraday\u0131m.<\/p>\n\n\n\n<h2 class=\"wp-block-heading\">Temas etmek<\/h2>\n\n\n\n<p>Herhangi bir sorunuz, \u00f6neriniz varsa veya deneyiminizi herhangi bir uygulamayla payla\u015fmak isterseniz benimle ileti\u015fime ge\u00e7mekten \u00e7ekinmeyin. Web sitesinde bulunan ileti\u015fim formunu doldurabilirsiniz.<\/p>\n\n\n\n<p>Jornal Caminhoneiro&#8217;yu ziyaret etti\u011finiz i\u00e7in te\u015fekk\u00fcr ederiz. Umar\u0131m bilgileri yararl\u0131 ve ilgin\u00e7 bulursunuz. Blogu ke\u015ffetmekten ve hayat\u0131n\u0131z\u0131 daha da iyi hale getirecek en iyi uygulamalar\u0131 ke\u015ffetmekten \u00e7ekinmeyin!<\/p>\n","protected":false},"excerpt":{"rendered":"<p>Merhaba, ben teknoloji ve uygulamalar konusunda tutkulu profesyonel bir yazar olan Alex Silva. Jornal Caminhoneiro adl\u0131 bu blogda, piyasadaki en [&hellip;]<\/p>\n","protected":false},"author":1,"featured_media":0,"parent":0,"menu_order":0,"comment_status":"closed","ping_status":"closed","template":"","meta":{"site-sidebar-layout":"default","site-content-layout":"","ast-site-content-layout":"default","site-content-style":"default","site-sidebar-style":"default","ast-global-header-display":"","ast-banner-title-visibility":"","ast-main-header-display":"","ast-hfb-above-header-display":"","ast-hfb-below-header-display":"","ast-hfb-mobile-header-display":"","site-post-title":"","ast-breadcrumbs-content":"","ast-featured-img":"","footer-sml-layout":"","theme-transparent-header-meta":"","adv-header-id-meta":"","stick-header-meta":"","header-above-stick-meta":"","header-main-stick-meta":"","header-below-stick-meta":"","astra-migrate-meta-layouts":"default","ast-page-background-enabled":"default","ast-page-background-meta":{"desktop":{"background-color":"var(--ast-global-color-4)","background-image":"","background-repeat":"repeat","background-position":"center center","background-size":"auto","background-attachment":"scroll","background-type":"","background-media":"","overlay-type":"","overlay-color":"","overlay-opacity":"","overlay-gradient":""},"tablet":{"background-color":"","background-image":"","background-repeat":"repeat","background-position":"center center","background-size":"auto","background-attachment":"scroll","background-type":"","background-media":"","overlay-type":"","overlay-color":"","overlay-opacity":"","overlay-gradient":""},"mobile":{"background-color":"","background-image":"","background-repeat":"repeat","background-position":"center center","background-size":"auto","background-attachment":"scroll","background-type":"","background-media":"","overlay-type":"","overlay-color":"","overlay-opacity":"","overlay-gradient":""}},"ast-content-background-meta":{"desktop":{"background-color":"var(--ast-global-color-5)","background-image":"","background-repeat":"repeat","background-position":"center center","background-size":"auto","background-attachment":"scroll","background-type":"","background-media":"","overlay-type":"","overlay-color":"","overlay-opacity":"","overlay-gradient":""},"tablet":{"background-color":"var(--ast-global-color-5)","background-image":"","background-repeat":"repeat","background-position":"center center","background-size":"auto","background-attachment":"scroll","background-type":"","background-media":"","overlay-type":"","overlay-color":"","overlay-opacity":"","overlay-gradient":""},"mobile":{"background-color":"var(--ast-global-color-5)","background-image":"","background-repeat":"repeat","background-position":"center center","background-size":"auto","background-attachment":"scroll","background-type":"","background-media":"","overlay-type":"","overlay-color":"","overlay-opacity":"","overlay-gradient":""}},"footnotes":""},"class_list":["post-366","page","type-page","status-publish","hentry"],"_links":{"self":[{"href":"https:\/\/jornalcaminhoneiro.com\/tr\/wp-json\/wp\/v2\/pages\/366","targetHints":{"allow":["GET"]}}],"collection":[{"href":"https:\/\/jornalcaminhoneiro.com\/tr\/wp-json\/wp\/v2\/pages"}],"about":[{"href":"https:\/\/jornalcaminhoneiro.com\/tr\/wp-json\/wp\/v2\/types\/page"}],"author":[{"embeddable":true,"href":"https:\/\/jornalcaminhoneiro.com\/tr\/wp-json\/wp\/v2\/users\/1"}],"replies":[{"embeddable":true,"href":"https:\/\/jornalcaminhoneiro.com\/tr\/wp-json\/wp\/v2\/comments?post=366"}],"version-history":[{"count":1,"href":"https:\/\/jornalcaminhoneiro.com\/tr\/wp-json\/wp\/v2\/pages\/366\/revisions"}],"predecessor-version":[{"id":367,"href":"https:\/\/jornalcaminhoneiro.com\/tr\/wp-json\/wp\/v2\/pages\/366\/revisions\/367"}],"wp:attachment":[{"href":"https:\/\/jornalcaminhoneiro.com\/tr\/wp-json\/wp\/v2\/media?parent=366"}],"curies":[{"name":"wp","href":"https:\/\/api.w.org\/{rel}","templated":true}]}}